{"id":11676,"date":"2025-11-13T17:27:15","date_gmt":"2025-11-13T16:27:15","guid":{"rendered":"https:\/\/www.valganonabogados.com\/politica-de-privacidad\/"},"modified":"2025-11-13T17:27:15","modified_gmt":"2025-11-13T16:27:15","slug":"politica-de-privacidad","status":"publish","type":"page","link":"https:\/\/www.valganonabogados.com\/en\/politica-de-privacidad\/","title":{"rendered":"Pol\u00edtica de privacidad"},"content":{"rendered":"\t\t<div data-elementor-type=\"wp-page\" data-elementor-id=\"11676\" class=\"elementor elementor-11676 elementor-915\">\n\t\t\t\t<div class=\"elementor-element elementor-element-57c110cc e-flex e-con-boxed parallax_section_no qode_elementor_container_no e-con e-parent\" data-id=\"57c110cc\" data-element_type=\"container\" data-settings=\"{&quot;background_background&quot;:&quot;classic&quot;}\">\n\t\t\t\t\t<div class=\"e-con-inner\">\n\t\t\t\t<div class=\"elementor-element elementor-element-9de3a35 elementor-widget elementor-widget-spacer\" data-id=\"9de3a35\" data-element_type=\"widget\" data-widget_type=\"spacer.default\">\n\t\t\t\t\t\t\t<div class=\"elementor-spacer\">\n\t\t\t<div class=\"elementor-spacer-inner\"><\/div>\n\t\t<\/div>\n\t\t\t\t\t\t<\/div>\n\t\t\t\t<div class=\"elementor-element elementor-element-3b883eb7 elementor-widget elementor-widget-heading\" data-id=\"3b883eb7\" data-element_type=\"widget\" data-widget_type=\"heading.default\">\n\t\t\t\t\t<h6 class=\"elementor-heading-title elementor-size-default\">INFORMACI\u00d3N B\u00c1SICA PARA TU SEGURIDAD<\/h6>\t\t\t\t<\/div>\n\t\t\t\t<div class=\"elementor-element elementor-element-1836ddec elementor-widget elementor-widget-heading\" data-id=\"1836ddec\" data-element_type=\"widget\" data-widget_type=\"heading.default\">\n\t\t\t\t\t<h1 class=\"elementor-heading-title elementor-size-default\">Protecci\u00f3n de datos<\/h1>\t\t\t\t<\/div>\n\t\t\t\t\t<\/div>\n\t\t\t\t<\/div>\n\t\t<div class=\"elementor-element elementor-element-219ef28 e-flex e-con-boxed parallax_section_no qode_elementor_container_no e-con e-parent\" data-id=\"219ef28\" data-element_type=\"container\">\n\t\t\t\t\t<div class=\"e-con-inner\">\n\t\t<div class=\"elementor-element elementor-element-d596a04 e-con-full e-flex parallax_section_no qode_elementor_container_no e-con e-child\" data-id=\"d596a04\" data-element_type=\"container\">\n\t\t\t\t<div class=\"elementor-element elementor-element-c5f3cba elementor-widget elementor-widget-text-editor\" data-id=\"c5f3cba\" data-element_type=\"widget\" data-widget_type=\"text-editor.default\">\n\t\t\t\t\t\t\t\t\t<h4>Informaci\u00f3n b\u00e1sica de protecci\u00f3n de datos<\/h4>\t\t\t\t\t\t\t\t<\/div>\n\t\t\t\t<\/div>\n\t\t<div class=\"elementor-element elementor-element-b56086d e-con-full e-flex parallax_section_no qode_elementor_container_no e-con e-child\" data-id=\"b56086d\" data-element_type=\"container\">\n\t\t\t\t<div class=\"elementor-element elementor-element-705cae5 elementor-widget elementor-widget-text-editor\" data-id=\"705cae5\" data-element_type=\"widget\" data-widget_type=\"text-editor.default\">\n\t\t\t\t\t\t\t\t\t<p><strong>Responsable: <\/strong><\/p><p>VALGA\u00d1ON ABOGADOS SLP<\/p><p><strong>Finalidad: <\/strong><\/p><p>Servicios jur\u00eddicos a empresas y particulares.<\/p><p><strong>Legitimaci\u00f3n:<\/strong><\/p><p>Consentimiento del interesado<\/p><p>Ejecuci\u00f3n de un contrato<\/p><p>Cumplimiento de obligaciones legales<\/p><p><span style=\"font-weight: 400;\">Inter\u00e9s leg\u00edtimo del responsable o de terceros<\/span><\/p><p><strong>Destinatarios:<\/strong><\/p><p>Est\u00e1n previstas cesiones de datos a terceras entidades<\/p>\t\t\t\t\t\t\t\t<\/div>\n\t\t\t\t<\/div>\n\t\t<div class=\"elementor-element elementor-element-cd061dc e-con-full e-flex parallax_section_no qode_elementor_container_no e-con e-child\" data-id=\"cd061dc\" data-element_type=\"container\">\n\t\t\t\t<div class=\"elementor-element elementor-element-662056e elementor-widget elementor-widget-text-editor\" data-id=\"662056e\" data-element_type=\"widget\" data-widget_type=\"text-editor.default\">\n\t\t\t\t\t\t\t\t\t<p><strong>Derechos: <\/strong><\/p><p>Puede ejercer sus derechos de protecci\u00f3n de datos enviando un correo electr\u00f3nico <a href=\"mailto:vgabogados@vgabogados.eu\">vgabogados@vgabogados.eu<\/a>\u00a0o en nuestras oficinas Avenida Carlos III, 9, 2\u00ba izquierda \u2013 31002 Pamplona, Navarra<\/p><p><strong>Procedencia:<\/strong><\/p><p>Los datos proceden del propio interesado o de entidades privadas que prestan servicios profesionales.<\/p><p><strong>Informaci\u00f3n adicional:<\/strong><\/p><p>Puede consultar informaci\u00f3n adicional de protecci\u00f3n de datos a continuaci\u00f3n o solicitarla en <a href=\"mailto:vgabogados@vgabogados.eu\">vgabogados@vgabogados.eu<\/a><\/p>\t\t\t\t\t\t\t\t<\/div>\n\t\t\t\t<\/div>\n\t\t<div class=\"elementor-element elementor-element-28eaa3f e-con-full e-flex parallax_section_no qode_elementor_container_no e-con e-child\" data-id=\"28eaa3f\" data-element_type=\"container\">\n\t\t\t\t<div class=\"elementor-element elementor-element-771823e elementor-widget elementor-widget-text-editor\" data-id=\"771823e\" data-element_type=\"widget\" data-widget_type=\"text-editor.default\">\n\t\t\t\t\t\t\t\t\t<h4>Informaci\u00f3n adicional de protecci\u00f3n de datos<\/h4>\t\t\t\t\t\t\t\t<\/div>\n\t\t\t\t<div class=\"elementor-element elementor-element-67a650c elementor-widget elementor-widget-text-editor\" data-id=\"67a650c\" data-element_type=\"widget\" data-widget_type=\"text-editor.default\">\n\t\t\t\t\t\t\t\t\t<p><strong> Responsable de tratamiento<\/strong><\/p><p style=\"font-weight: 400;\"><strong>Raz\u00f3n social:<\/strong> VALGA\u00d1ON ABOGADOS S.C.P.<\/p><p style=\"font-weight: 400;\"><strong>NIF:<\/strong> J31580590<\/p><p style=\"font-weight: 400;\"><strong>Direcci\u00f3n postal:<\/strong> Avenida Carlos III, 9, 2\u00ba Izquierda \u2013 31002 Pamplona, Navarra<\/p><p style=\"font-weight: 400;\"><strong>Tel\u00e9fono:<\/strong> +34 948 223 824<\/p><p style=\"font-weight: 400;\"><strong>Correo electr\u00f3nico:<\/strong> <a href=\"mailto:vgabogados@vgabogados.eu\">vgabogados@vgabogados.eu<\/a><\/p><p style=\"font-weight: 400;\"><strong>Delegado de protecci\u00f3n de datos: <\/strong>Consulting &amp; Strategy GFM S.L.U. (GFM Servicios) \u00b7\u00a0<a href=\"mailto:dpo@gfmservicios.com\">dpo@gfmservicios.com<\/a><\/p><p>\u00a0<\/p><p style=\"font-weight: 400;\"><strong>Finalidad del tratamiento<\/strong><\/p><p style=\"font-weight: 400;\">En VALGA\u00d1ON ABOGADOS S.C.P\u00a0 tratamos la informaci\u00f3n que nos facilitan las personas interesadas con el fin de prestar los servicios contratados y\/o solicitados:<\/p><p style=\"font-weight: 400;\"><em>Servicios jur\u00eddicos en representaci\u00f3n jur\u00eddico-procesal:<\/em><\/p><p style=\"font-weight: 400;\">\u00b7 \u00a0Representaci\u00f3n en juicios ante la jurisdicci\u00f3n social<\/p><p style=\"font-weight: 400;\">\u00b7 \u00a0Representaci\u00f3n en juicios ante la jurisdicci\u00f3n civil y mercantil<\/p><p style=\"font-weight: 400;\">\u00b7 \u00a0Representaci\u00f3n en juicios ante la jurisdicci\u00f3n penal<\/p><p style=\"font-weight: 400;\">\u00b7 \u00a0Representaci\u00f3n en juicios ante la jurisdicci\u00f3n contencioso-administrativa<\/p><p style=\"font-weight: 400;\"><em>Servicios jur\u00eddicos en derecho Civil:<\/em><\/p><p style=\"font-weight: 400;\">Tratamos la informaci\u00f3n que nos facilitan para las siguientes finalidades:<\/p><p style=\"font-weight: 400;\">\u00b7 \u00a0Reclamaciones de deudas<\/p><p style=\"font-weight: 400;\">\u00b7 \u00a0Herencias<\/p><p style=\"font-weight: 400;\">\u00b7 \u00a0Contrataci\u00f3n Civil<\/p><p style=\"font-weight: 400;\">\u00b7 \u00a0Arrendamientos Urbanos<\/p><p style=\"font-weight: 400;\">\u00b7 \u00a0Indemnizaciones en siniestros de tr\u00e1fico<\/p><p style=\"font-weight: 400;\">\u00b7 \u00a0Separaciones y divorcios.<\/p><p style=\"font-weight: 400;\"><em>Servicios jur\u00eddicos en derecho Mercantil y Societario:<\/em><\/p><p style=\"font-weight: 400;\">Tratamos la informaci\u00f3n que nos facilitan para las siguientes finalidades:<\/p><p style=\"font-weight: 400;\">\u00b7 \u00a0Asesor\u00eda y gesti\u00f3n mercantil y laboral<\/p><p style=\"font-weight: 400;\">\u00b7 \u00a0Estudio y constituci\u00f3n de sociedades mercantiles, civiles, cooperativas y otras; creaci\u00f3n, constituci\u00f3n y legalizaci\u00f3n de empresas<\/p><p style=\"font-weight: 400;\">\u00b7 \u00a0Operaciones y modificaciones estatutarias, incluida la tramitaci\u00f3n de escrituras: cambio de administradores, cambio de domicilio social, ampliaci\u00f3n\/reducci\u00f3n de Capital Social, etc\u2026<\/p><p style=\"font-weight: 400;\">\u00b7 \u00a0Legalizaci\u00f3n de libros oficiales y presentaci\u00f3n de cuentas anuales en el Registro Mercantil.<\/p><p style=\"font-weight: 400;\">\u00b7 \u00a0Tramitaci\u00f3n de subvenciones.<\/p><p style=\"font-weight: 400;\">\u00b7 \u00a0Fusiones de empresas<\/p><p style=\"font-weight: 400;\">\u00b7 \u00a0Contrataci\u00f3n Mercantil<\/p><p style=\"font-weight: 400;\">\u00b7 \u00a0Pactos de Sociedades<\/p><p style=\"font-weight: 400;\">\u00b7 \u00a0Reestructuraci\u00f3n y reorganizaci\u00f3n de empresas<\/p><p style=\"font-weight: 400;\">\u00b7 \u00a0Derecho Concursal<\/p><p style=\"font-weight: 400;\"><em>Servicios como Administraci\u00f3n Concursal en concursos de acreedores tanto voluntarios como necesarios.<\/em><\/p><p style=\"font-weight: 400;\"><em>Servicios de implantaci\u00f3n de programas de \u201cCompliance Penal\u201d para empresas.<\/em><\/p><p style=\"font-weight: 400;\"><strong>Legitimaci\u00f3n para el tratamiento de datos personales<\/strong><\/p><p style=\"font-weight: 400;\">En VALGA\u00d1ON ABOGADOS SCP tratamos la informaci\u00f3n que nos facilitan las personas interesadas con las siguientes legitimaciones:<\/p><p style=\"font-weight: 400;\">\u00b7 \u00a0Art\u00edculo 6.1, letra a, del RGPD: El interesado dio su consentimiento para el tratamiento de sus datos personales para uno o varios fines espec\u00edficos: cesi\u00f3n de los datos a empresas necesarias para la prestaci\u00f3n del servicio solicitado, cesi\u00f3n datos a aplicaciones de terceros para servicios externos, env\u00edo de promociones comerciales<\/p><p style=\"font-weight: 400;\">\u00b7 \u00a0Art\u00edculo 6.1, letra b, del RGPD: Tratamiento necesario para la ejecuci\u00f3n de un contrato en el que el interesado es parte o para la aplicaci\u00f3n a petici\u00f3n de \u00e9ste de medidas precontractuales.<\/p><p style=\"font-weight: 400;\">\u00b7 \u00a0Art\u00edculo 6.1, letra c, del RGPD: Tratamiento necesario para el cumplimiento de una obligaci\u00f3n legal aplicable al responsable del tratamiento.<\/p><p style=\"font-weight: 400;\">\u00b7 \u00a0Art\u00edculo 6.1, letra f, del RGPD: Tratamiento necesario para la satisfacci\u00f3n de intereses leg\u00edtimos perseguidos\u00a0\u00a0 por el Responsable del tratamiento o por un tercero, siempre que dichos intereses no prevalezcan los intereses o derechos fundamentales del interesado.<\/p><p style=\"font-weight: 400;\"><strong>Plazo de conservaci\u00f3n de los datos personales<\/strong><\/p><p style=\"font-weight: 400;\">Los datos se conservar\u00e1n mientras se mantenga la relaci\u00f3n de servicios y representaci\u00f3n con el cliente para posibles y futuras reclamaciones durante el plazo necesario para la prescripci\u00f3n de responsabilidades.\u00a0 Para finalidades relacionadas con el cumplimiento de obligaciones legales y fiscales se mantendr\u00e1n un m\u00ednimo de 5 a\u00f1os.<\/p><p style=\"font-weight: 400;\"><strong>Destinatarios a los que se comunicar\u00e1n sus datos personales<\/strong><\/p><p style=\"font-weight: 400;\">Sus datos personales podr\u00e1n comunicarse, por necesidades del servicio a:<\/p><p style=\"font-weight: 400;\">\u00b7 \u00a0Organizaciones o personas relacionadas directamente con el Responsable del tratamiento<\/p><p style=\"font-weight: 400;\">\u00b7 \u00a0Administraci\u00f3n p\u00fablica con competencia en la materia, con la finalidad de cumplimiento de las obligaciones legales.<\/p><p style=\"font-weight: 400;\">\u00b7 \u00a0Tesorer\u00eda de la Seguridad Social, con la finalidad de cumplimiento de las obligaciones legales.<\/p><p style=\"font-weight: 400;\">\u00b7 \u00a0Administraci\u00f3n tributaria, con la finalidad de cumplimiento de las obligaciones legales.<\/p><p style=\"font-weight: 400;\">\u00b7 \u00a0Registro mercantil y otros registros p\u00fablicos<\/p><p style=\"font-weight: 400;\">\u00b7 \u00a0Notarios y Procuradores, con la finalidad de procesos judiciales, poderes de representaci\u00f3n, recursos.<\/p><p style=\"font-weight: 400;\">\u00b7 \u00a0Organismos de la Seguridad Social, con la finalidad de cumplimiento de obligaciones laborales, resoluci\u00f3n de conflictos y representaci\u00f3n.<\/p><p style=\"font-weight: 400;\">\u00b7 \u00a0Tribunales de justicia, con la finalidad de recursos y procesos judiciales.<\/p><p style=\"font-weight: 400;\">\u00b7 \u00a0Otros profesionales relacionados con Valga\u00f1on Abogados S.C.P.\u00a0 con la finalidad de prestar los servicios demandados por el cliente.<\/p><p style=\"font-weight: 400;\">\u00b7 \u00a0Organismos oficiales, con la finalidad de cualquier solicitud y gesti\u00f3n de representaci\u00f3n.<\/p><p style=\"font-weight: 400;\">\u00b7 \u00a0Entidades bancarias, otras entidades financieras.<\/p><p style=\"font-weight: 400;\"><strong>Transferencias internacionales de datos personales<\/strong><\/p><p style=\"font-weight: 400;\">No est\u00e1n previstas transferencias de datos a terceros pa\u00edses.<\/p><p style=\"font-weight: 400;\"><strong>Forma de obtenci\u00f3n de los datos personales<\/strong><\/p><p style=\"font-weight: 400;\">Los datos personales que tratamos en VALGA\u00d1ON ABOGADOS SCP proceden del propio interesado o de entidades a las cuales representamos y el interesado tienes o ha tenido alguna vinculaci\u00f3n personal, mercantil y laboral con ella.<\/p><p style=\"font-weight: 400;\">Las categor\u00edas de datos que se tratan son:<\/p><p style=\"font-weight: 400;\">\u00b7 \u00a0Datos identificativos: todos los necesarios para los servicios<\/p><p style=\"font-weight: 400;\">\u00b7 \u00a0Caracter\u00edsticas personales<\/p><p style=\"font-weight: 400;\">\u00b7 \u00a0Circunstancias sociales<\/p><p style=\"font-weight: 400;\">\u00b7 \u00a0Acad\u00e9micos\/Profesionales<\/p><p style=\"font-weight: 400;\">\u00b7 \u00a0Detalles de empleo<\/p><p style=\"font-weight: 400;\">\u00b7 \u00a0Informaci\u00f3n comercial<\/p><p style=\"font-weight: 400;\">\u00b7 \u00a0Datos bancarios<\/p><p style=\"font-weight: 400;\">\u00b7 \u00a0Transacciones de bienes y servicios<\/p><p style=\"font-weight: 400;\">\u00b7 \u00a0Otros datos econ\u00f3micos, financieros y de seguro<\/p><p style=\"font-weight: 400;\">\u00b7 \u00a0Datos econ\u00f3micos y laborales (salarios)<\/p><p style=\"font-weight: 400;\">\u00b7 \u00a0Transacciones econ\u00f3micas<\/p><p style=\"font-weight: 400;\">\u00b7 \u00a0Bancos y Cajas de Ahorro<\/p><p style=\"font-weight: 400;\">\u00b7 \u00a0Se tratan las siguientes categor\u00edas de datos especiales: cualquier dato necesario para la prestaci\u00f3n del servicio jur\u00eddico solicitado.<\/p><p style=\"font-weight: 400;\"><strong>Derechos de los interesados<\/strong><\/p><p style=\"font-weight: 400;\">Cualquier persona tiene derecho a obtener confirmaci\u00f3n sobre si en VALGA\u00d1ON ABOGADOS SCP estamos tratando datos personales que les conciernan, o no.<\/p><p style=\"font-weight: 400;\">Las personas interesadas tienen derecho a acceder a sus datos personales, as\u00ed como a solicitar la rectificaci\u00f3n de los datos inexactos o, en su caso, solicitar su supresi\u00f3n cuando, entre otros motivos, los datos ya no sean necesarios para los fines que fueron recogidos.<\/p><p style=\"font-weight: 400;\">En determinadas circunstancias, los interesados podr\u00e1n solicitar la limitaci\u00f3n del tratamiento de sus datos, en cuyo caso \u00fanicamente los conservaremos para el ejercicio o la defensa de reclamaciones.<\/p><p style=\"font-weight: 400;\">En determinadas circunstancias y por motivos relacionados con su situaci\u00f3n particular, los interesados podr\u00e1n oponerse al tratamiento de sus datos. En este caso, VALGA\u00d1ON ABOGADOS SCP dejar\u00e1 de tratar los datos, salvo por motivos leg\u00edtimos imperiosos, o el ejercicio o la defensa de posibles reclamaciones.<\/p><p style=\"font-weight: 400;\">Podr\u00e1 ejercitar materialmente sus derechos de la siguiente forma: Tiene derecho a acceder, rectificar y suprimir los datos, as\u00ed como otros derechos, indicados en la informaci\u00f3n adicional, que puede ejercer enviando correo electr\u00f3nico a vgabogados@vgabogados.eu, o directamente en las oficinas sitas en Avenida Carlos III 9, 2\u00ba izquierda \u2013 31002 Pamplona (Navarra).<\/p><p style=\"font-weight: 400;\">Si ha otorgado su consentimiento para alguna finalidad concreta, tiene derecho a retirar el consentimiento otorgado en cualquier momento, sin que ello afecte a la licitud del tratamiento basado en el consentimiento previo a su retirada.<\/p><p style=\"font-weight: 400;\">En caso de que sienta vulnerados sus derechos en lo concerniente a la protecci\u00f3n de sus datos personales, especialmente cuando no haya obtenido satisfacci\u00f3n en el ejercicio de sus derechos, puede presentar una reclamaci\u00f3n ante la Autoridad de Control en materia de Protecci\u00f3n de Datos competente a trav\u00e9s de su sitio web: <a href=\"http:\/\/www.aepd.es\/\">www.aepd.es<\/a>.<\/p><p style=\"font-weight: 400;\">\u00a0<\/p>\t\t\t\t\t\t\t\t<\/div>\n\t\t\t\t<div class=\"elementor-element elementor-element-00dbc3d elementor-widget elementor-widget-button\" data-id=\"00dbc3d\" data-element_type=\"widget\" data-widget_type=\"button.default\">\n\t\t\t\t\t\t\t\t\t\t<a class=\"elementor-button elementor-button-link elementor-size-sm\" href=\"https:\/\/www.valganonabogados.com\/wp-content\/uploads\/2025\/11\/DECLARACION-DE-ADECUACION-RGPD.pdf\" target=\"_blank\">\n\t\t\t\t\t\t<span class=\"elementor-button-content-wrapper\">\n\t\t\t\t\t\t\t\t\t<span class=\"elementor-button-text\">DECLARACI\u00d3N DE ADECUACION RGPD<\/span>\n\t\t\t\t\t<\/span>\n\t\t\t\t\t<\/a>\n\t\t\t\t\t\t\t\t<\/div>\n\t\t\t\t<\/div>\n\t\t\t\t\t<\/div>\n\t\t\t\t<\/div>\n\t\t\t\t<\/div>\n\t\t","protected":false},"excerpt":{"rendered":"<p>INFORMACI\u00d3N B\u00c1SICA PARA TU SEGURIDAD Protecci\u00f3n de datos Informaci\u00f3n b\u00e1sica de protecci\u00f3n de datos Responsable: VALGA\u00d1ON ABOGADOS SLP Finalidad: Servicios jur\u00eddicos a empresas y particulares. Legitimaci\u00f3n: Consentimiento del interesado Ejecuci\u00f3n de un contrato Cumplimiento de obligaciones legales Inter\u00e9s leg\u00edtimo del responsable o de terceros Destinatarios:&#8230;<\/p>\n","protected":false},"author":1,"featured_media":0,"parent":0,"menu_order":0,"comment_status":"closed","ping_status":"closed","template":"full_width.php","meta":{"content-type":"","footnotes":""},"class_list":["post-11676","page","type-page","status-publish","hentry"],"aioseo_notices":[],"_links":{"self":[{"href":"https:\/\/www.valganonabogados.com\/en\/wp-json\/wp\/v2\/pages\/11676","targetHints":{"allow":["GET"]}}],"collection":[{"href":"https:\/\/www.valganonabogados.com\/en\/wp-json\/wp\/v2\/pages"}],"about":[{"href":"https:\/\/www.valganonabogados.com\/en\/wp-json\/wp\/v2\/types\/page"}],"author":[{"embeddable":true,"href":"https:\/\/www.valganonabogados.com\/en\/wp-json\/wp\/v2\/users\/1"}],"replies":[{"embeddable":true,"href":"https:\/\/www.valganonabogados.com\/en\/wp-json\/wp\/v2\/comments?post=11676"}],"version-history":[{"count":0,"href":"https:\/\/www.valganonabogados.com\/en\/wp-json\/wp\/v2\/pages\/11676\/revisions"}],"wp:attachment":[{"href":"https:\/\/www.valganonabogados.com\/en\/wp-json\/wp\/v2\/media?parent=11676"}],"curies":[{"name":"wp","href":"https:\/\/api.w.org\/{rel}","templated":true}]}}