{"id":11674,"date":"2025-11-13T18:09:22","date_gmt":"2025-11-13T17:09:22","guid":{"rendered":"https:\/\/www.valganonabogados.com\/politica-de-cookies\/"},"modified":"2025-11-13T18:09:22","modified_gmt":"2025-11-13T17:09:22","slug":"politica-de-cookies","status":"publish","type":"page","link":"https:\/\/www.valganonabogados.com\/en\/politica-de-cookies\/","title":{"rendered":"Pol\u00edtica de cookies"},"content":{"rendered":"\t\t<div data-elementor-type=\"wp-page\" data-elementor-id=\"11674\" class=\"elementor elementor-11674 elementor-936\">\n\t\t\t\t<div class=\"elementor-element elementor-element-57c110cc e-flex e-con-boxed parallax_section_no qode_elementor_container_no e-con e-parent\" data-id=\"57c110cc\" data-element_type=\"container\" data-settings=\"{&quot;background_background&quot;:&quot;classic&quot;}\">\n\t\t\t\t\t<div class=\"e-con-inner\">\n\t\t\t\t<div class=\"elementor-element elementor-element-9de3a35 elementor-widget elementor-widget-spacer\" data-id=\"9de3a35\" data-element_type=\"widget\" data-widget_type=\"spacer.default\">\n\t\t\t\t\t\t\t<div class=\"elementor-spacer\">\n\t\t\t<div class=\"elementor-spacer-inner\"><\/div>\n\t\t<\/div>\n\t\t\t\t\t\t<\/div>\n\t\t\t\t<div class=\"elementor-element elementor-element-3b883eb7 elementor-widget elementor-widget-heading\" data-id=\"3b883eb7\" data-element_type=\"widget\" data-widget_type=\"heading.default\">\n\t\t\t\t\t<h6 class=\"elementor-heading-title elementor-size-default\">INFORMACI\u00d3N B\u00c1SICA PARA TU SEGURIDAD<\/h6>\t\t\t\t<\/div>\n\t\t\t\t<div class=\"elementor-element elementor-element-1836ddec elementor-widget elementor-widget-heading\" data-id=\"1836ddec\" data-element_type=\"widget\" data-widget_type=\"heading.default\">\n\t\t\t\t\t<h1 class=\"elementor-heading-title elementor-size-default\">Pol\u00edtica de cookies<\/h1>\t\t\t\t<\/div>\n\t\t\t\t\t<\/div>\n\t\t\t\t<\/div>\n\t\t<div class=\"elementor-element elementor-element-219ef28 e-flex e-con-boxed parallax_section_no qode_elementor_container_no e-con e-parent\" data-id=\"219ef28\" data-element_type=\"container\">\n\t\t\t\t\t<div class=\"e-con-inner\">\n\t\t<div class=\"elementor-element elementor-element-28eaa3f e-con-full e-flex parallax_section_no qode_elementor_container_no e-con e-child\" data-id=\"28eaa3f\" data-element_type=\"container\">\n\t\t\t\t<div class=\"elementor-element elementor-element-67a650c elementor-widget elementor-widget-text-editor\" data-id=\"67a650c\" data-element_type=\"widget\" data-widget_type=\"text-editor.default\">\n\t\t\t\t\t\t\t\t\t<p><strong>\u00bfQu\u00e9 son las cookies?<\/strong><br \/>Una cookie es un fichero que se descarga en su ordenador al acceder a determinadas p\u00e1ginas web. Las cookies permiten a una p\u00e1gina web, entre otras cosas, almacenar y recuperar informaci\u00f3n sobre h\u00e1bitos de navegaci\u00f3n de un usuario o de su equipo y, dependiendo de la informaci\u00f3n que contengan y de la forma que utilice su equipo, pueden utilizarse para reconocer al usuario.<br \/><em>Tipos de cookies que utiliza esta web<\/em><br \/>Esta p\u00e1gina web utiliza las cookies para una serie de finalidades, incluidas:<br \/><em>Cookies de an\u00e1lisis:<\/em> <br \/>Son aquellas que son tratadas por nosotros o por terceros, nos permiten cuantificar el n\u00famero de usuarios y as\u00ed realizar la medici\u00f3n y an\u00e1lisis estad\u00edstico de la utilizaci\u00f3n que hacen los usuarios del servicio ofertado. Para ello se analiza la navegaci\u00f3n en nuestra p\u00e1gina web con el fin de mejorar la misma.<br \/>La aplicaci\u00f3n que utilizamos para obtener y analizar la informaci\u00f3n es Google Analytics.<br \/>Las cookies utilizadas para esto (_utma, _utmb, _utmc, _utmt y _utmz) son cookies de Terceros.<br \/>Estas cookies se utilizan para recoger informaci\u00f3n sobre la navegaci\u00f3n de los usuarios por el sitio con el fin de conocer el origen de las visitas y otros datos similares a nivel estad\u00edstico.<br \/>A trav\u00e9s de los siguientes enlaces puede ver el detalle de las cookies que utiliza Google Analitiycs y su prop\u00f3sito: https:\/\/developers.google.com\/analytics\/devguides\/collection\/analyticsjs\/cookie-usage y Centro de privacidad de Google<br \/>Nota: Las cookies de tipo \u2018Propias\u2019 son utilizadas s\u00f3lo por el propietario de esta web y las cookies \u2018De terceros\u2019 son utilizadas, por el prestador del servicio que est\u00e1 detallado en el cuadro anterior.<br \/><em>Eliminar o bloquear las cookies<\/em><br \/>Usted puede permitir, bloquear o eliminar las cookies instaladas en su equipo mediante la configuraci\u00f3n de las opciones del navegador instalado en su ordenador.<br \/>Puede ver m\u00e1s informaci\u00f3n sobre su navegador y las cookies en los siguientes enlaces:<br \/>\u2022 Firefox: http:\/\/support.mozilla.org\/es\/kb\/habilitar-y-deshabilitar-cookies-que-los-sitios-we<br \/>\u2022 Chrome: http:\/\/support.google.com\/chrome\/bin\/answer.py?hl=es&amp;answer=95647<br \/>\u2022 Internet Explorer: http:\/\/windows.microsoft.com\/es-es\/windows7\/how-to-manage-cookies-in-internet-explorer-9<br \/>\u2022 Safari: http:\/\/support.apple.com\/kb\/ph5042<br \/>\u2022 Opera: http:\/\/help.opera.com\/Windows\/11.50\/es-ES\/cookies.html<\/p><p><em>Otros navegadores<\/em><br \/>Consulte la documentaci\u00f3n del navegador que tenga instalado.<br \/>Complemento de inhabilitaci\u00f3n para navegadores de Google Analytics<br \/>Si desea rechazar las cookies anal\u00edticas de Google Analytics en todos los navegadores, de forma que no se env\u00ede informaci\u00f3n suya a Google Analytics, puede descargar un complemento que realiza esta funci\u00f3n desde este enlace: https:\/\/tools.google.com\/dlpage\/gaoptout.<\/p><p>\u00a0<\/p><p><strong>Consentimiento informado<\/strong><\/p><p>La utilizaci\u00f3n de LA WEB por parte del USUARIO implica que presta su consentimiento expreso e inequ\u00edvoco a la utilizaci\u00f3n de cookies, en los t\u00e9rminos y condiciones previstos en esta Pol\u00edtica de Cookies, sin perjuicio de las medidas de desactivaci\u00f3n y eliminaci\u00f3n de las cookies que Vd. pueda adoptar, y que se mencionan en el apartado anterior.<\/p><p>\u00a0<\/p><p><strong>Acerca de este documento:<\/strong><\/p><p>Este documento ha sido realizado de conformidad con la legislaci\u00f3n de la UE en materia de comunicaci\u00f3n electr\u00f3nica. Seg\u00fan la normativa vigente las empresas y organizaciones deben ofrecer a los visitantes de sus sitios web una informaci\u00f3n clara y completa sobre el uso de las cookies, en particular sobre los fines del tratamiento de los datos, y deben obtener el consentimiento del usuario para la activaci\u00f3n de la cookie.<\/p><p>\u00a0<\/p><p><strong>Revisi\u00f3n de Cookies<\/strong><\/p><p>Estas listas se actualizar\u00e1n con la mayor celeridad posible a medida que cambien o evolucionen los servicios ofrecidos en LA WEB. Sin embargo, ocasionalmente durante esta actualizaci\u00f3n puede ser que la lista no incluya todas las cookies, aunque siempre se referir\u00e1 a cookies con prop\u00f3sitos id\u00e9nticos a los registrados ya en las siguientes tablas de referencia.<\/p><p>\u00a0<\/p><p><strong>An\u00e1lisis de la web<\/strong><\/p><p>Las cookies utilizadas en nuestro Sitio Web son propias y de terceros y nos permiten almacenar y acceder a informaci\u00f3n relativa al idioma, el tipo de navegador utilizado y a otras caracter\u00edsticas generales predefinidas por el usuario, as\u00ed como seguir y analizar la actividad que lleva a cabo, con el objeto de introducir mejoras y prestar nuestros servicios de una manera m\u00e1s eficiente y personalizada.<\/p>\t\t\t\t\t\t\t\t<\/div>\n\t\t\t\t<\/div>\n\t\t\t\t\t<\/div>\n\t\t\t\t<\/div>\n\t\t\t\t<\/div>\n\t\t","protected":false},"excerpt":{"rendered":"<p>INFORMACI\u00d3N B\u00c1SICA PARA TU SEGURIDAD Pol\u00edtica de cookies \u00bfQu\u00e9 son las cookies?Una cookie es un fichero que se descarga en su ordenador al acceder a determinadas p\u00e1ginas web. Las cookies permiten a una p\u00e1gina web, entre otras cosas, almacenar y recuperar informaci\u00f3n sobre h\u00e1bitos de&#8230;<\/p>\n","protected":false},"author":1,"featured_media":0,"parent":0,"menu_order":0,"comment_status":"closed","ping_status":"closed","template":"full_width.php","meta":{"content-type":"","footnotes":""},"class_list":["post-11674","page","type-page","status-publish","hentry"],"aioseo_notices":[],"_links":{"self":[{"href":"https:\/\/www.valganonabogados.com\/en\/wp-json\/wp\/v2\/pages\/11674","targetHints":{"allow":["GET"]}}],"collection":[{"href":"https:\/\/www.valganonabogados.com\/en\/wp-json\/wp\/v2\/pages"}],"about":[{"href":"https:\/\/www.valganonabogados.com\/en\/wp-json\/wp\/v2\/types\/page"}],"author":[{"embeddable":true,"href":"https:\/\/www.valganonabogados.com\/en\/wp-json\/wp\/v2\/users\/1"}],"replies":[{"embeddable":true,"href":"https:\/\/www.valganonabogados.com\/en\/wp-json\/wp\/v2\/comments?post=11674"}],"version-history":[{"count":0,"href":"https:\/\/www.valganonabogados.com\/en\/wp-json\/wp\/v2\/pages\/11674\/revisions"}],"wp:attachment":[{"href":"https:\/\/www.valganonabogados.com\/en\/wp-json\/wp\/v2\/media?parent=11674"}],"curies":[{"name":"wp","href":"https:\/\/api.w.org\/{rel}","templated":true}]}}